{"id":100,"date":"2010-11-07T17:29:57","date_gmt":"2010-11-07T16:29:57","guid":{"rendered":"http:\/\/www.afholderbach1345.de\/wordpress\/?page_id=100"},"modified":"2023-09-01T10:55:06","modified_gmt":"2023-09-01T08:55:06","slug":"geschichte","status":"publish","type":"page","link":"https:\/\/sv-afholderbach.de\/WPSVA21\/eine-seite\/geschichte\/","title":{"rendered":"Geschichte"},"content":{"rendered":"<p>Begonnen hat die Geschichte unseres Vereins am 17. Mai 1936 in der Gastwirtschaft Kr\u00e4mer in Afholderbach, wo sich\u00a031 Freunde aus Afholderbach und Sohlbach\u00a0zusammenfanden um die Gr\u00fcndung eines Schie\u00dfvereins zu besprechen, die Namen stehen auf der Gr\u00fcndungsurkunde. Die Gr\u00fcnderversammlung fand am 14 Juni 1936 in der Gastwirtschaft Sch\u00e4fer in Sohlbach statt. Die erste Satzung wurde aufgestellt und der Name des Vereins, der auch Mitglied des Deutschen Sch\u00fctzenbandes wurde, war Sch\u00fctzenverein Afholderbach &#8211; Sohlbach. Der Vorstand setzte sich wie folgt zusammen:<\/p>\n<p>1. Vorstitzender: Paul Friedrich<\/p>\n<p>Stellvertreter:\u00a0\u00a0\u00a0 Robert Sch\u00e4fer<\/p>\n<p>Major\u00a0\u00a0\u00a0\u00a0\u00a0\u00a0\u00a0\u00a0\u00a0\u00a0\u00a0\u00a0\u00a0\u00a0 \u00a0 \u00a0Alfred Gronemeyer<\/p>\n<p>Schriftf\u00fchrer und<\/p>\n<p>Kassierer:\u00a0\u00a0\u00a0\u00a0\u00a0\u00a0\u00a0\u00a0\u00a0\u00a0\u00a0August Heide<\/p>\n<p>1. Schie\u00dfwart:\u00a0\u00a0\u00a0\u00a0August Stein<\/p>\n<p>2. Schie\u00dfwart:\u00a0\u00a0 Alfons K\u00fchn<\/p>\n<p>Am 2. Juli des selben Jahres wurde der erste KK Stand im Fr\u00fchh\u00f6lzchen errichtet, \u00fcber dem heutigen Standort der H\u00fctte. 1937 war es dann soweit, das erste Sch\u00fctzenfest wurde gefeiert. Am 18. Juli 1937 in Sohlbach, hinter der Gastwirtschaft Sch\u00e4fer, fand das Vogelschiessen statt. Sch\u00fctzenbruder Ernst Heide wurde Sch\u00fctzenk\u00f6nig.<\/p>\n<p>Ein j\u00e4hes Ende nahm das Vereinsleben mit Ausbruch des 2. Weltkrieges. Viele Sch\u00fctzenbr\u00fcder kehrten nie zur\u00fcck und erst 1952, nach Jahren der Entbehrungen und des Hungers, fand erstmals wieder ein Sch\u00fctzenfest statt. Ein grosses Zeltgerippe wurde auf dem Lindenhof aufgebaut. Noch im selben Jahr machten sich die Sohlbacher Freunde mit einem eigenen Verein selbstst\u00e4ndig. Das j\u00e4hrliche Vogelschie\u00dfen wurde mit Karabinermunition durchgef\u00fchrt, die damals noch \u00fcberall in den W\u00e4ldern zu finden war. Durch Leuchtspurmunition kam es schon mal vor das der Vogel Feuer fing. Um das \u00dcbungschie\u00dfen zu f\u00f6rdern begann man mit dem Bau eines neuen KK Schie\u00dfstandes in der Alterbach. Bei schlechtem Wetter fand das \u00dcbungsschie\u00dfen auch mit dem Luftgewehr im Gashof Weber in Eschenbach statt. Nach langen Jahren des Feierns, denn auch die Nachbard\u00f6rfer schliefen nicht und erfanden eigene Feste, beschloss man das Sch\u00fctzenfest in kleinerem Rahmen zu veranstalten, denn nicht jeder Geldbeutel verkraftete dies. 1958 fand das Sch\u00fctzenfest bei Gronemeyers in der Scheune statt. Man merkte jedoch schnell das dieser Platz nicht ausreichte und so beschloss man in der Alterbach Platz zu schaffen. 1959 wurde bereits das erste Amtskettenschie\u00dfen veranstaltet. 1961 feierte man dort\u00a0das 25 j\u00e4hrige Jubil\u00e4um und bereits 1986 das 50 j\u00e4hrige. Im n\u00e4chsten Jahr steht das 75 j\u00e4hrige Jubil\u00e4um vor der T\u00fcr und der Verein ist noch lange nicht m\u00fcde geworden und erfreut sich stehts wachsender Mitgliederzahlen.<\/p>\n<p>Das erste Wurstbratfest\u00a0 feierte man im Jahre 1968. Mit Aufl\u00f6sung der Schule in Afholderbach stand eine neues Geb\u00e4ude zu Verf\u00fcgung. In ihm legte man eine \u00dcbungsschie\u00dfbahn an; anfangs noch unter improvisierten Verh\u00e4ltnissen. In der Alterbach errichtete man ein Wirtschaftsgeb\u00e4ude, der Festplatz wurde vergr\u00f6\u00dfert.<\/p>\n<p>Es waren Jahre harter Arbeit mit wenig Freizeit. Dieser Einsatz hat sich aber f\u00fcr den Verein und das Dorf gelohnt. Wir sind Stolz darauf da\u00df unser Verein dieses rege Vereinsleben vorzuweisen hat.<\/p>\n","protected":false},"excerpt":{"rendered":"<p>Begonnen hat die Geschichte unseres Vereins am 17. Mai 1936 in der Gastwirtschaft Kr\u00e4mer in Afholderbach, wo sich\u00a031 Freunde aus Afholderbach und Sohlbach\u00a0zusammenfanden um die Gr\u00fcndung eines Schie\u00dfvereins zu besprechen, &hellip; <\/p>\n<p class=\"link-more\"><a href=\"https:\/\/sv-afholderbach.de\/WPSVA21\/eine-seite\/geschichte\/\" class=\"more-link\"><span class=\"screen-reader-text\">\u201eGeschichte\u201c<\/span> weiterlesen<\/a><\/p>\n","protected":false},"author":1,"featured_media":0,"parent":196,"menu_order":3,"comment_status":"closed","ping_status":"closed","template":"","meta":{"_price":"","_stock":"","_tribe_ticket_header":"","_tribe_default_ticket_provider":"","_tribe_ticket_capacity":"0","_ticket_start_date":"","_ticket_end_date":"","_tribe_ticket_show_description":"","_tribe_ticket_show_not_going":false,"_tribe_ticket_use_global_stock":"","_tribe_ticket_global_stock_level":"","_global_stock_mode":"","_global_stock_cap":"","_tribe_rsvp_for_event":"","_tribe_ticket_going_count":"","_tribe_ticket_not_going_count":"","_tribe_tickets_list":"[]","_tribe_ticket_has_attendee_info_fields":false,"footnotes":"","_tec_slr_enabled":"","_tec_slr_layout":""},"jetpack_likes_enabled":true,"jetpack_sharing_enabled":true,"ticketed":false,"_links":{"self":[{"href":"https:\/\/sv-afholderbach.de\/WPSVA21\/wp-json\/wp\/v2\/pages\/100"}],"collection":[{"href":"https:\/\/sv-afholderbach.de\/WPSVA21\/wp-json\/wp\/v2\/pages"}],"about":[{"href":"https:\/\/sv-afholderbach.de\/WPSVA21\/wp-json\/wp\/v2\/types\/page"}],"author":[{"embeddable":true,"href":"https:\/\/sv-afholderbach.de\/WPSVA21\/wp-json\/wp\/v2\/users\/1"}],"replies":[{"embeddable":true,"href":"https:\/\/sv-afholderbach.de\/WPSVA21\/wp-json\/wp\/v2\/comments?post=100"}],"version-history":[{"count":1,"href":"https:\/\/sv-afholderbach.de\/WPSVA21\/wp-json\/wp\/v2\/pages\/100\/revisions"}],"predecessor-version":[{"id":2080,"href":"https:\/\/sv-afholderbach.de\/WPSVA21\/wp-json\/wp\/v2\/pages\/100\/revisions\/2080"}],"up":[{"embeddable":true,"href":"https:\/\/sv-afholderbach.de\/WPSVA21\/wp-json\/wp\/v2\/pages\/196"}],"wp:attachment":[{"href":"https:\/\/sv-afholderbach.de\/WPSVA21\/wp-json\/wp\/v2\/media?parent=100"}],"curies":[{"name":"wp","href":"https:\/\/api.w.org\/{rel}","templated":true}]}}