{"id":169,"date":"2011-02-13T17:04:53","date_gmt":"2011-02-13T16:04:53","guid":{"rendered":"http:\/\/www.afholderbach1345.de\/wordpress\/?page_id=169"},"modified":"2025-10-06T20:51:48","modified_gmt":"2025-10-06T18:51:48","slug":"konigs-und-kaiserpaare","status":"publish","type":"page","link":"https:\/\/sv-afholderbach.de\/WPSVA21\/eine-seite\/konigs-und-kaiserpaare\/","title":{"rendered":"K\u00f6nigs- und Kaiserpaare"},"content":{"rendered":"\n<p><strong>K\u00f6nigs- und Kaiserpaare von 1937 bis heute:<\/strong><\/p>\n\n\n\n<p>(PG) bedeutet Prinzgemahl<\/p>\n\n\n\n<figure class=\"wp-block-table is-style-stripes\"><table><tbody><tr><td>&nbsp;<\/td><td><strong>Sch\u00fctzenk\u00f6nig<\/strong><\/td><td><strong>Sch\u00fctzenk\u00f6nigin<\/strong><\/td><td><strong>Sch\u00fctzenkaiser<\/strong><\/td><td><strong>Sch\u00fctzenkaiserin<\/strong><\/td><\/tr><tr><td>1937<\/td><td>Ernst Heide +<\/td><td>Elfriede H\u00f6cker +<\/td><td>&nbsp;<\/td><td>&nbsp;<\/td><\/tr><tr><td>1938<\/td><td>August Sch\u00e4fer +<\/td><td>Johanna Friedrich +<\/td><td>&nbsp;<\/td><td>&nbsp;<\/td><\/tr><tr><td>1939<\/td><td>Heinrich St\u00f6tzel +<\/td><td>Berta Heide +<\/td><td>&nbsp;<\/td><td>&nbsp;<\/td><\/tr><tr><td>&nbsp;<\/td><td>&nbsp;<\/td><td>&nbsp;<\/td><td>&nbsp;<\/td><td>&nbsp;<\/td><\/tr><tr><td>1952<\/td><td>Ernst Grebe<\/td><td>Ruth Gronemeyer +<\/td><td>&nbsp;<\/td><td>&nbsp;<\/td><\/tr><tr><td>1953<\/td><td>Otto Hellmann +<\/td><td>Magda Hellmann<\/td><td>&nbsp;<\/td><td>&nbsp;<\/td><\/tr><tr><td>1954<\/td><td>Siegfried Popp +<\/td><td>Irmgard Wagener<\/td><td>&nbsp;<\/td><td>&nbsp;<\/td><\/tr><tr><td>1955<\/td><td>Heinrich Schmidt +<\/td><td>Hanni Wilhelm<\/td><td>&nbsp;<\/td><td>&nbsp;<\/td><\/tr><tr><td>1956<\/td><td>Bruno Bublitz +<\/td><td>Grete Bublitz+<\/td><td>&nbsp;<\/td><td>&nbsp;<\/td><\/tr><tr><td>1957<\/td><td>Rudolf Rahrbach +<\/td><td>Gerda Kr\u00e4mer<\/td><td>&nbsp;<\/td><td>&nbsp;<\/td><\/tr><tr><td>1958<\/td><td>Fritz Hellmann +<\/td><td>Helene Hellmann<\/td><td>&nbsp;<\/td><td>&nbsp;<\/td><\/tr><tr><td>1959<\/td><td>Eberh. Gronemeyer +<\/td><td>Helene Gronemeyer +<\/td><td>&nbsp;<\/td><td>&nbsp;<\/td><\/tr><tr><td>1960<\/td><td>Otto Hellmann +<\/td><td>Elfriede Hellmann<\/td><td>&nbsp;<\/td><td>&nbsp;<\/td><\/tr><tr><td>&nbsp;<\/td><td>&nbsp;<\/td><td>&nbsp;<\/td><td>&nbsp;<\/td><td>&nbsp;<\/td><\/tr><tr><td>1963<\/td><td>Josef Wagener +<\/td><td>Friedel Wagener<\/td><td>&nbsp;<\/td><td>&nbsp;<\/td><\/tr><tr><td>1964<\/td><td>Frieder Nickel<\/td><td>Monika Flug<\/td><td>Eberh. Gronemeyer +<\/td><td>Helene Gronemeyer<\/td><\/tr><tr><td>1965<\/td><td>Wilh. Gronemeyer +<\/td><td>Ruth Gronemeyer +<\/td><td>&nbsp;<\/td><td>&nbsp;<\/td><\/tr><tr><td>1966<\/td><td>Ernst Grebe<\/td><td>Marlies Grebe<\/td><td>&nbsp;<\/td><td>&nbsp;<\/td><\/tr><tr><td>1967<\/td><td>Rudolf Rahrbach +<\/td><td>Adelheid Rahrbach +<\/td><td>&nbsp;<\/td><td>&nbsp;<\/td><\/tr><tr><td>1968<\/td><td>Alfons Bogaerts<\/td><td>Marliese Bogaerts +<\/td><td>&nbsp;<\/td><td>&nbsp;<\/td><\/tr><tr><td>1969<\/td><td>Friedhelm Sch\u00e4fer<\/td><td>Heidi Sch\u00e4fer<\/td><td>&nbsp;<\/td><td>&nbsp;<\/td><\/tr><tr><td>1970<\/td><td>Gerhard Schr\u00f6der +<\/td><td>Johanna Schr\u00f6der +<\/td><td>Rudolf Rahrbach +<\/td><td>Adelheid Rahrbach<\/td><\/tr><tr><td>1971<\/td><td>Manfred Kronshage<\/td><td>Hannelore Kronshage<\/td><td>&nbsp;<\/td><td>&nbsp;<\/td><\/tr><tr><td>1972<\/td><td>Gerd Demandt<\/td><td>Irmgard Demandt<\/td><td>&nbsp;<\/td><td>&nbsp;<\/td><\/tr><tr><td>1973<\/td><td>Walter Heide +<\/td><td>Margret Heide<\/td><td>&nbsp;<\/td><td>&nbsp;<\/td><\/tr><tr><td>1974<\/td><td>Kurt Ruchniewitz +<\/td><td>Anette Ruchniewitz<\/td><td>&nbsp;<\/td><td>&nbsp;<\/td><\/tr><tr><td>1975<\/td><td>Erich Bublitz<\/td><td>Inge Grebe<\/td><td>&nbsp;<\/td><td>&nbsp;<\/td><\/tr><tr><td>1976<\/td><td>Klaus Flemming<\/td><td>Maria Flemming +<\/td><td>Josef Wagener +<\/td><td>Friedel Wagener<\/td><\/tr><tr><td>1977<\/td><td>G\u00fcnter Volmerhaus +<\/td><td>Barbara Volmerhaus<\/td><td>&nbsp;<\/td><td>&nbsp;<\/td><\/tr><tr><td>1978<\/td><td>Lothar Schr\u00f6der +<\/td><td>Monika Schr\u00f6der<\/td><td>&nbsp;<\/td><td>&nbsp;<\/td><\/tr><tr><td>1979<\/td><td>Klaus Lange +<\/td><td>Erika Lange +<\/td><td>&nbsp;<\/td><td>&nbsp;<\/td><\/tr><tr><td>1980<\/td><td>Friedrich Grebe +<\/td><td>Monika Grebe<\/td><td>Rudolf Rahrbach +<\/td><td>Adelheid Rahrbach<\/td><\/tr><tr><td>1981<\/td><td>Karl Eling<\/td><td>Karin Schwarz<\/td><td>&nbsp;<\/td><td>&nbsp;<\/td><\/tr><tr><td>1982<\/td><td>Jochen Winchenbach<\/td><td>Hildeg. Winchenbach<\/td><td>&nbsp;<\/td><td>&nbsp;<\/td><\/tr><tr><td>1983<\/td><td>Bernd Gronemeyer +<\/td><td>Ester Gronemeyer<\/td><td>&nbsp;<\/td><td>&nbsp;<\/td><\/tr><tr><td>1984<\/td><td>Gerhard Klein<\/td><td>Susanne Klein<\/td><td>&nbsp;<\/td><td>&nbsp;<\/td><\/tr><tr><td>1985<\/td><td>Luigi Sforza +<\/td><td>Juliana Sforza<\/td><td>Gerhard Schr\u00f6der +<\/td><td>Johanna Schr\u00f6der +<\/td><\/tr><tr><td>1986<\/td><td>Klaus Gronemeyer<\/td><td>Brunhilde Gronemeyer<\/td><td>&nbsp;<\/td><td>&nbsp;<\/td><\/tr><tr><td>1987<\/td><td>Erich Bublitz<\/td><td>Else Bublitz<\/td><td>&nbsp;<\/td><td>&nbsp;<\/td><\/tr><tr><td>1988<\/td><td>Rolf St\u00f6tzel (PG)<\/td><td>Helga St\u00f6tzel<\/td><td>&nbsp;<\/td><td>&nbsp;<\/td><\/tr><tr><td>1989<\/td><td>Erich Bublitz (PG)<\/td><td>Else Bublitz<\/td><td>&nbsp;<\/td><td>&nbsp;<\/td><\/tr><tr><td>1990<\/td><td>Heinrich Stracke<\/td><td>Marianne Stracke +<\/td><td>Luigi Sforza +<\/td><td>Juliana Sforza <\/td><\/tr><tr><td>1991<\/td><td>Klaus Kraft<\/td><td>Monika Kraft<\/td><td>&nbsp;<\/td><td>&nbsp;<\/td><\/tr><tr><td>1992<\/td><td>Walter Heide +<\/td><td>Margret Heide<\/td><td>&nbsp;<\/td><td>&nbsp;<\/td><\/tr><tr><td>1993<\/td><td>R\u00fcdiger Durgut<\/td><td>Ilke Durgut<\/td><td>&nbsp;<\/td><td>&nbsp;<\/td><\/tr><tr><td>1994<\/td><td>Mike Lange<\/td><td>Sandra Schr\u00f6der<\/td><td>&nbsp;<\/td><td>&nbsp;<\/td><\/tr><tr><td>1995<\/td><td>Michael Bergh\u00e4user<\/td><td>Elke Bergh\u00e4user<\/td><td>Ernst Grebe<\/td><td>Marlies Grebe<\/td><\/tr><tr><td>1996<\/td><td>Rainer Hellmann<\/td><td>Heidrun Hellmann<\/td><td>&nbsp;<\/td><td>&nbsp;<\/td><\/tr><tr><td>1997<\/td><td>Dietrich Ke\u00dfler +<\/td><td>Sigrid Ke\u00dfler<\/td><td>&nbsp;<\/td><td>&nbsp;<\/td><\/tr><tr><td>1998<\/td><td>Uwe Durgut<\/td><td>Marion Durgut<\/td><td>Lothar Schr\u00f6der +<\/td><td>Monika Schr\u00f6der<\/td><\/tr><tr><td>1999<\/td><td>Klaus Velten<\/td><td>Christa Velten<\/td><td>&nbsp;<\/td><td>&nbsp;<\/td><\/tr><tr><td>2000<\/td><td>Erik Volmerhaus<\/td><td>Tanja Volmerhaus<\/td><td>&nbsp;<\/td><td>&nbsp;<\/td><\/tr><tr><td>2001<\/td><td>Henning Kr\u00e4mer<\/td><td>Anja Brombach<\/td><td>Erich Bublitz<\/td><td>Else Bublitz<\/td><\/tr><tr><td>2002<\/td><td>Horst Schneider +<\/td><td>Else Br\u00fcck<\/td><td>&nbsp;<\/td><td>&nbsp;<\/td><\/tr><tr><td>2003<\/td><td>Klaus Gronemeyer (PG)<\/td><td>Brunhilde Gronemeyer<\/td><td>&nbsp;<\/td><td>&nbsp;<\/td><\/tr><tr><td>2004<\/td><td>Uwe Durgut<\/td><td>Ingrid Effert<\/td><td>Friedrich Grebe +<\/td><td>Monika Grebe<\/td><\/tr><tr><td>2005<\/td><td>Marco Schr\u00f6der<\/td><td>Jane Becker<\/td><td>&nbsp;<\/td><td>&nbsp;<\/td><\/tr><tr><td>2006<\/td><td>Marc Seelbach<\/td><td>Ellen Seelbach<\/td><td>&nbsp;<\/td><td>&nbsp;<\/td><\/tr><tr><td>2007<\/td><td>Holger Nickel<\/td><td>Carina Schr\u00f6der<\/td><td>Uwe Durgut<\/td><td>Ingrid Effert<\/td><\/tr><tr><td>2008<\/td><td>Jan Gronemeyer<\/td><td>Annika Schr\u00f6der<\/td><td>&nbsp;<\/td><td>&nbsp;<\/td><\/tr><tr><td>2009<\/td><td>Denny Gronemeyer<\/td><td>Sara Jung<\/td><td>&nbsp;<\/td><td>&nbsp;<\/td><\/tr><tr><td>2010<\/td><td>Timo Gronemeyer<\/td><td>Mareike P\u00f6pping<\/td><td>Erich Bublitz<\/td><td>Else Bublitz<\/td><\/tr><tr><td>2011<\/td><td>Dirk Bogaerts<\/td><td>Sabine Bogaerts<\/td><td>&nbsp;<\/td><td>&nbsp;<\/td><\/tr><tr><td>2012<\/td><td>Uwe Durgut<\/td><td>Michaela Kretschmer<\/td><td>&nbsp;<\/td><td>&nbsp;<\/td><\/tr><tr><td>2013<\/td><td>Wolfram Hennes<\/td><td>Sabine Bruch<\/td><td>Marco Schr\u00f6der<\/td><td>Jane B\u00e4cker<\/td><\/tr><tr><td>2014<\/td><td>Marcel Mrochen<\/td><td>Janina Betz<\/td><td>&nbsp;<\/td><td>&nbsp;<\/td><\/tr><tr><td>2015<\/td><td>Klaus Gronemeyer<\/td><td>Brunhilde Gronemeyer<\/td><td>&nbsp;<\/td><td>&nbsp;<\/td><\/tr><tr><td>2016<\/td><td>Stefan Rahrbach<\/td><td>Lisa Rahrbach<\/td><td>Wolfram Hennes<\/td><td>Sabine Bruch<\/td><\/tr><tr><td>2017<\/td><td>Marcel Mrochen (PG)<\/td><td>D\u00f6rthe Gronemeyer<\/td><td>&nbsp;<\/td><td>&nbsp;<\/td><\/tr><tr><td>2018<\/td><td>Moritz Heide<\/td><td>Johanna H\u00f6fer<\/td><td>&nbsp;<\/td><td>&nbsp;<\/td><\/tr><tr><td>2019<\/td><td>Markus Siebel<\/td><td>Marion Siebel<\/td><td>Timo Gronemeyer<\/td><td>Mareike P\u00f6pping<\/td><\/tr><tr><td>2022<\/td><td>Uwe Durgut<\/td><td>Michaela Kretschmer<\/td><td>Uwe Durgut<\/td><td>\n<p>Michaela Kretschmer<\/p>\n<\/td><\/tr><tr><td>2023<\/td><td>Jan Henrik P\u00f6pping<\/td><td>Celine Bergh\u00e4user<\/td><td><\/td><td><\/td><\/tr><tr><td>2024<\/td><td>Andre Schr\u00f6der<\/td><td>Anna Schr\u00f6der<\/td><td><\/td><td><\/td><\/tr><tr><td>2025<\/td><td>Michael Grebe (PG)<\/td><td>Mechthild Grebe <\/td><td>Jan Gronemeyer <\/td><td>Annica Gronemeyer <\/td><\/tr><tr><td><\/td><td><\/td><td><\/td><td><\/td><td><\/td><\/tr><tr><td><\/td><td><\/td><td><\/td><td><\/td><td><\/td><\/tr><tr><td><\/td><td><\/td><td><\/td><td><\/td><td><\/td><\/tr><\/tbody><\/table><\/figure>\n\n\n\n<p><\/p>\n\n\n\n<!--more-->\n","protected":false},"excerpt":{"rendered":"<p>K\u00f6nigs- und Kaiserpaare von 1937 bis heute: (PG) bedeutet Prinzgemahl &nbsp; Sch\u00fctzenk\u00f6nig Sch\u00fctzenk\u00f6nigin Sch\u00fctzenkaiser Sch\u00fctzenkaiserin 1937 Ernst Heide + Elfriede H\u00f6cker + &nbsp; &nbsp; 1938 August Sch\u00e4fer + Johanna Friedrich &hellip; <\/p>\n<p class=\"link-more\"><a href=\"https:\/\/sv-afholderbach.de\/WPSVA21\/eine-seite\/konigs-und-kaiserpaare\/\" class=\"more-link\"><span class=\"screen-reader-text\">\u201eK\u00f6nigs- und Kaiserpaare\u201c<\/span> weiterlesen<\/a><\/p>\n","protected":false},"author":1,"featured_media":0,"parent":196,"menu_order":7,"comment_status":"closed","ping_status":"closed","template":"","meta":{"_price":"","_stock":"","_tribe_ticket_header":"","_tribe_default_ticket_provider":"","_tribe_ticket_capacity":"0","_ticket_start_date":"","_ticket_end_date":"","_tribe_ticket_show_description":"","_tribe_ticket_show_not_going":false,"_tribe_ticket_use_global_stock":"","_tribe_ticket_global_stock_level":"","_global_stock_mode":"","_global_stock_cap":"","_tribe_rsvp_for_event":"","_tribe_ticket_going_count":"","_tribe_ticket_not_going_count":"","_tribe_tickets_list":"[]","_tribe_ticket_has_attendee_info_fields":false,"footnotes":"","_tec_slr_enabled":"","_tec_slr_layout":""},"jetpack_likes_enabled":true,"jetpack_sharing_enabled":true,"ticketed":false,"_links":{"self":[{"href":"https:\/\/sv-afholderbach.de\/WPSVA21\/wp-json\/wp\/v2\/pages\/169"}],"collection":[{"href":"https:\/\/sv-afholderbach.de\/WPSVA21\/wp-json\/wp\/v2\/pages"}],"about":[{"href":"https:\/\/sv-afholderbach.de\/WPSVA21\/wp-json\/wp\/v2\/types\/page"}],"author":[{"embeddable":true,"href":"https:\/\/sv-afholderbach.de\/WPSVA21\/wp-json\/wp\/v2\/users\/1"}],"replies":[{"embeddable":true,"href":"https:\/\/sv-afholderbach.de\/WPSVA21\/wp-json\/wp\/v2\/comments?post=169"}],"version-history":[{"count":10,"href":"https:\/\/sv-afholderbach.de\/WPSVA21\/wp-json\/wp\/v2\/pages\/169\/revisions"}],"predecessor-version":[{"id":2670,"href":"https:\/\/sv-afholderbach.de\/WPSVA21\/wp-json\/wp\/v2\/pages\/169\/revisions\/2670"}],"up":[{"embeddable":true,"href":"https:\/\/sv-afholderbach.de\/WPSVA21\/wp-json\/wp\/v2\/pages\/196"}],"wp:attachment":[{"href":"https:\/\/sv-afholderbach.de\/WPSVA21\/wp-json\/wp\/v2\/media?parent=169"}],"curies":[{"name":"wp","href":"https:\/\/api.w.org\/{rel}","templated":true}]}}