{"id":175,"date":"2011-02-13T17:37:49","date_gmt":"2011-02-13T16:37:49","guid":{"rendered":"http:\/\/www.afholderbach1345.de\/wordpress\/?page_id=175"},"modified":"2025-10-06T20:54:24","modified_gmt":"2025-10-06T18:54:24","slug":"jugendkonigspaare","status":"publish","type":"page","link":"https:\/\/sv-afholderbach.de\/WPSVA21\/eine-seite\/jugendkonigspaare\/","title":{"rendered":"Jugendk\u00f6nigspaare"},"content":{"rendered":"\n<p><strong>Jugendk\u00f6nigspaare von 1967 bis heute:<\/strong><\/p>\n\n\n\n<p>(PG) bedeutet Prinzgemahl<\/p>\n\n\n\n<figure class=\"wp-block-table is-style-stripes\"><table><tbody><tr><td>&nbsp;<\/td><td><strong>Jugendk\u00f6nig<\/strong><\/td><td><strong>Jugendk\u00f6nigin<\/strong><\/td><\/tr><tr><td>1967<\/td><td>Helmut Schr\u00f6der<\/td><td>Helga St\u00f6tzel<\/td><\/tr><tr><td>1968<\/td><td>Joachim Rahrbach<\/td><td>Petra Eling<\/td><\/tr><tr><td>1969<\/td><td>Karl Eling<\/td><td>Ulrike Hellmann<\/td><\/tr><tr><td>1970<\/td><td>Bernd Gronemeyer +<\/td><td>Monika Simon<\/td><\/tr><tr><td>1971<\/td><td>Rainer Hellmann<\/td><td>Andrea Lange<\/td><\/tr><tr><td>1972<\/td><td>Roland Beisel<\/td><td>Elsbeth Heide<\/td><\/tr><tr><td>1973<\/td><td>Reinhard Heide<\/td><td>Petra Eling<\/td><\/tr><tr><td>1974<\/td><td>Klaus Gronemeyer<\/td><td>Andrea Lange<\/td><\/tr><tr><td>1975<\/td><td>Helmut Br\u00fcck<\/td><td>B\u00e4rbel Br\u00fcck<\/td><\/tr><tr><td>1976<\/td><td>Ralf Sch\u00e4fer +<\/td><td>Birgit Sch\u00e4fer<\/td><\/tr><tr><td>1977<\/td><td>Josef Dentschak<\/td><td>Marianne Susan<\/td><\/tr><tr><td>1978<\/td><td>Thomas Kellersohn<\/td><td>Andrea Lange<\/td><\/tr><tr><td>1979<\/td><td>Dirk Lange<\/td><td>Silke Kronshage<\/td><\/tr><tr><td>1980<\/td><td>Volker Hellmann<\/td><td>Elke Sch\u00e4fer<\/td><\/tr><tr><td>1981<\/td><td>Ralf Sch\u00e4fer +<\/td><td>Christiane Nickel<\/td><\/tr><tr><td>1982<\/td><td>Detlef Durgut<\/td><td>Anke Langenbach<\/td><\/tr><tr><td>1983<\/td><td>Marc Seelbach<\/td><td>Ines Volmerhaus<\/td><\/tr><tr><td>1984<\/td><td>J\u00f6rg Bogaerts<\/td><td>Heike Schneider<\/td><\/tr><tr><td>1985<\/td><td>Meik Baldus<\/td><td>Michaela Sch\u00e4fer<\/td><\/tr><tr><td>1986<\/td><td>Torsten Winchenbach<\/td><td>Heike Winchenbach<\/td><\/tr><tr><td>1987<\/td><td>Heiko Seelbach (PG)<\/td><td>Heike Winchenbach<\/td><\/tr><tr><td>1988<\/td><td>Michael Eling<\/td><td>Sandra Weber<\/td><\/tr><tr><td>1989<\/td><td>J\u00fcrgen Grebe<\/td><td>Sandra Nickel<\/td><\/tr><tr><td>1990<\/td><td>Henning Kr\u00e4mer<\/td><td>Kerstin Kr\u00e4mer<\/td><\/tr><tr><td>1991<\/td><td>Peter Bublitz (PG)<\/td><td>Jutta Bublitz<\/td><\/tr><tr><td>1992<\/td><td>Marco Schr\u00f6der<\/td><td>Sandra Schr\u00f6der<\/td><\/tr><tr><td>1993<\/td><td>Alexander Rahrbach<\/td><td>Annika Gronemeyer<\/td><\/tr><tr><td>1994<\/td><td>Holger Nickel<\/td><td>Mareike Gronemeyer<\/td><\/tr><tr><td>1995<\/td><td>Benedikt Durgut<\/td><td>Carina Schr\u00f6der<\/td><\/tr><tr><td>1996<\/td><td>Dennis Dentschak<\/td><td>Nicole St\u00f6tzel<\/td><\/tr><tr><td>1997<\/td><td>Nils Peter Briel (PG)<\/td><td>Carina Schr\u00f6der<\/td><\/tr><tr><td>1998<\/td><td>Denny Gronemeyer (PG)<\/td><td>Janina Durgut<\/td><\/tr><tr><td>1999<\/td><td>Denny Gronemeyer<\/td><td>Nicole St\u00f6tzel<\/td><\/tr><tr><td>2000<\/td><td>Timo Gronemeyer (PG)<\/td><td>Damara Durgut<\/td><\/tr><tr><td>2001<\/td><td>Bastian Wagener<\/td><td>Stefanie Wagener<\/td><\/tr><tr><td>2002<\/td><td>Philipp Grebe (PG)<\/td><td>Lisa St\u00f6tzel<\/td><\/tr><tr><td>2003<\/td><td>Andre Schr\u00f6der (PG)<\/td><td>Janina Durgut<\/td><\/tr><tr><td>2004<\/td><td>Janik Moos<\/td><td>D\u00f6rthe Gronemeyer<\/td><\/tr><tr><td>2005<\/td><td>Marcel Moos (PG)<\/td><td>Ina Gronemeyer<\/td><\/tr><tr><td>2006<\/td><td>Christian Klappert (PG)<\/td><td>Yessica Lehmann<\/td><\/tr><tr><td>2007<\/td><td>Philipp Grebe (PG)<\/td><td>Anna Lena Weigel<\/td><\/tr><tr><td>2008<\/td><td>Felix Seelbach<\/td><td>Ina Gronemeyer<\/td><\/tr><tr><td>2009<\/td><td>Niklas Stracke<\/td><td>Lara-Joy Huybrechts<\/td><\/tr><tr><td>2010<\/td><td>Paul Jakob Seelbach<\/td><td>Beyza Yagibasan<\/td><\/tr><tr><td>2011<\/td><td>Niklas Stracke (PG)<\/td><td>Laura Hellmann<\/td><\/tr><tr><td>2012<\/td><td>Niklas Stracke<\/td><td>Laura Hellmann<\/td><\/tr><tr><td>2013<\/td><td>Tim Sturm (PG)<\/td><td>Lara-Joy Huybrechts<\/td><\/tr><tr><td>2014<\/td><td>Markus Fick (PG)<\/td><td>Celine Bergh\u00e4user<\/td><\/tr><tr><td>2015<\/td><td>Tim Sturm (PG)<\/td><td>Laura Hellmann<\/td><\/tr><tr><td>2016<\/td><td>Justus Bogaerts<\/td><td>Sophia Walde<\/td><\/tr><tr><td>2017<\/td><td>Domenik Walde<\/td><td>Sophia Walde<\/td><\/tr><tr><td>2018<\/td><td>Lukas Stracke<\/td><td>Julia Kr\u00e4mer<\/td><\/tr><tr><td>2019<\/td><td>Jakob Bogaerts (PG)<\/td><td>Sophia Walde<\/td><\/tr><tr><td>2022<\/td><td>Domenik Walde<\/td><td>Tamara Stracke<\/td><\/tr><tr><td>2023<\/td><td>Tobias Hinkel<\/td><td>Sophia Walde<\/td><\/tr><tr><td>2024<\/td><td>Melvin Walde<\/td><td>Sophia Walde<\/td><\/tr><tr><td>2025<\/td><td>Till Schneider (PG)<\/td><td>Sophia Walde <\/td><\/tr><tr><td><\/td><td><\/td><td><\/td><\/tr><tr><td><\/td><td><\/td><td><\/td><\/tr><tr><td><\/td><td><\/td><td><\/td><\/tr><tr><td><\/td><td><\/td><td><\/td><\/tr><tr><td><\/td><td><\/td><td><\/td><\/tr><tr><td><\/td><td><\/td><td><\/td><\/tr><\/tbody><\/table><\/figure>\n","protected":false},"excerpt":{"rendered":"<p>Jugendk\u00f6nigspaare von 1967 bis heute: (PG) bedeutet Prinzgemahl &nbsp; Jugendk\u00f6nig Jugendk\u00f6nigin 1967 Helmut Schr\u00f6der Helga St\u00f6tzel 1968 Joachim Rahrbach Petra Eling 1969 Karl Eling Ulrike Hellmann 1970 Bernd Gronemeyer + &hellip; <\/p>\n<p class=\"link-more\"><a href=\"https:\/\/sv-afholderbach.de\/WPSVA21\/eine-seite\/jugendkonigspaare\/\" class=\"more-link\"><span class=\"screen-reader-text\">\u201eJugendk\u00f6nigspaare\u201c<\/span> weiterlesen<\/a><\/p>\n","protected":false},"author":1,"featured_media":0,"parent":196,"menu_order":6,"comment_status":"closed","ping_status":"closed","template":"","meta":{"_price":"","_stock":"","_tribe_ticket_header":"","_tribe_default_ticket_provider":"","_tribe_ticket_capacity":"0","_ticket_start_date":"","_ticket_end_date":"","_tribe_ticket_show_description":"","_tribe_ticket_show_not_going":false,"_tribe_ticket_use_global_stock":"","_tribe_ticket_global_stock_level":"","_global_stock_mode":"","_global_stock_cap":"","_tribe_rsvp_for_event":"","_tribe_ticket_going_count":"","_tribe_ticket_not_going_count":"","_tribe_tickets_list":"[]","_tribe_ticket_has_attendee_info_fields":false,"footnotes":"","_tec_slr_enabled":"","_tec_slr_layout":""},"jetpack_likes_enabled":true,"jetpack_sharing_enabled":true,"ticketed":false,"_links":{"self":[{"href":"https:\/\/sv-afholderbach.de\/WPSVA21\/wp-json\/wp\/v2\/pages\/175"}],"collection":[{"href":"https:\/\/sv-afholderbach.de\/WPSVA21\/wp-json\/wp\/v2\/pages"}],"about":[{"href":"https:\/\/sv-afholderbach.de\/WPSVA21\/wp-json\/wp\/v2\/types\/page"}],"author":[{"embeddable":true,"href":"https:\/\/sv-afholderbach.de\/WPSVA21\/wp-json\/wp\/v2\/users\/1"}],"replies":[{"embeddable":true,"href":"https:\/\/sv-afholderbach.de\/WPSVA21\/wp-json\/wp\/v2\/comments?post=175"}],"version-history":[{"count":5,"href":"https:\/\/sv-afholderbach.de\/WPSVA21\/wp-json\/wp\/v2\/pages\/175\/revisions"}],"predecessor-version":[{"id":2671,"href":"https:\/\/sv-afholderbach.de\/WPSVA21\/wp-json\/wp\/v2\/pages\/175\/revisions\/2671"}],"up":[{"embeddable":true,"href":"https:\/\/sv-afholderbach.de\/WPSVA21\/wp-json\/wp\/v2\/pages\/196"}],"wp:attachment":[{"href":"https:\/\/sv-afholderbach.de\/WPSVA21\/wp-json\/wp\/v2\/media?parent=175"}],"curies":[{"name":"wp","href":"https:\/\/api.w.org\/{rel}","templated":true}]}}