{"id":18,"date":"2010-11-02T20:16:29","date_gmt":"2010-11-02T19:16:29","guid":{"rendered":"http:\/\/www.afholderbach1345.de\/wordpress\/?page_id=18"},"modified":"2026-02-25T07:56:03","modified_gmt":"2026-02-25T06:56:03","slug":"der-vorstand","status":"publish","type":"page","link":"https:\/\/sv-afholderbach.de\/WPSVA21\/eine-seite\/der-vorstand\/","title":{"rendered":"Der Vorstand"},"content":{"rendered":"<ul>\n<li><span style=\"color: #000000;\"><strong>1. Vorsitzender:<\/strong> Timo Gronemeyer<\/span><\/li>\n<li><span style=\"color: #000000;\"><strong>2. Vorsitzender:<\/strong> Denny Gronemeyer\u00a0<\/span><\/li>\n<li><span style=\"color: #000000;\"><strong>Verm\u00f6gensverwalter:<\/strong> Henning Kr\u00e4mer<\/span><\/li>\n<li><span style=\"color: #000000;\"><strong>stellv. Verm\u00f6gensverwalter\/ 1. Beisitzer:<\/strong> Meik Baldus<\/span><\/li>\n<li><span style=\"color: #000000;\"><strong>Jugendleiter:<\/strong> Marc Seelbach<\/span><\/li>\n<li><span style=\"color: #000000;\"><strong>stellv. Jugendleiter:<\/strong> J\u00f6rg Bogaerts<\/span><\/li>\n<li><strong><span style=\"color: #000000;\">3. Jugendleiter: <\/span><\/strong><span style=\"color: #000000;\">Lukas Stracke<\/span><\/li>\n<li><span style=\"color: #000000;\"><strong>1.Schie\u00dfwart:<\/strong> Rene Kr\u00e4mer\u00a0<\/span><\/li>\n<li><span style=\"color: #000000;\"><strong>2.Schie\u00dfwart:<\/strong> Felix Seelbach<\/span><\/li>\n<li><span style=\"color: #000000;\"><strong>Schriftf\u00fchrer:<\/strong> Dennis Bogaerts<\/span><\/li>\n<li><span style=\"color: #000000;\"><strong>2.Schriftf\u00fchrer:\u00a0<\/strong>Paul Seelbach<\/span><\/li>\n<li><span style=\"color: #000000;\"> <strong>Major: <\/strong>Marco J\u00fcngst<\/span><\/li>\n<li><span style=\"color: #000000;\"><strong>Sozialwart:<\/strong> Jan Gronemeyer<\/span><\/li>\n<li><span style=\"color: #000000;\"><strong>Aktueller Sch\u00fctzenk\u00f6nig\/ 2.Beisitzer:<\/strong> Mechthild Grebe<\/span><\/li>\n<li><span style=\"color: #000000;\"><strong>Facilitymanagement und Hausverwaltung\/ 3.,4. und 6. Beisitzer:<\/strong> Marco Schr\u00f6der, Marvin Bergh\u00e4user, Andr\u00e9 Schr\u00f6der\u00a0<\/span><\/li>\n<li><span style=\"color: #000000;\"><strong>Technikwart\/ 5. Beisitzer:<\/strong> Moritz Heide<\/span><\/li>\n<li><strong>Jugendsprecher:\u00a0<\/strong>Alina Stoffel, Tobias Hinkel\u00a0<\/li>\n<\/ul>\n\n\n<p><\/p>\n","protected":false},"excerpt":{"rendered":"<p>1. Vorsitzender: Timo Gronemeyer 2. Vorsitzender: Denny Gronemeyer\u00a0 Verm\u00f6gensverwalter: Henning Kr\u00e4mer stellv. Verm\u00f6gensverwalter\/ 1. Beisitzer: Meik Baldus Jugendleiter: Marc Seelbach stellv. Jugendleiter: J\u00f6rg Bogaerts 3. Jugendleiter: Lukas Stracke 1.Schie\u00dfwart: Rene &hellip; <\/p>\n<p class=\"link-more\"><a href=\"https:\/\/sv-afholderbach.de\/WPSVA21\/eine-seite\/der-vorstand\/\" class=\"more-link\"><span class=\"screen-reader-text\">\u201eDer Vorstand\u201c<\/span> weiterlesen<\/a><\/p>\n","protected":false},"author":1,"featured_media":0,"parent":196,"menu_order":1,"comment_status":"closed","ping_status":"closed","template":"","meta":{"_price":"","_stock":"","_tribe_ticket_header":"","_tribe_default_ticket_provider":"","_tribe_ticket_capacity":"0","_ticket_start_date":"","_ticket_end_date":"","_tribe_ticket_show_description":"","_tribe_ticket_show_not_going":false,"_tribe_ticket_use_global_stock":"","_tribe_ticket_global_stock_level":"","_global_stock_mode":"","_global_stock_cap":"","_tribe_rsvp_for_event":"","_tribe_ticket_going_count":"","_tribe_ticket_not_going_count":"","_tribe_tickets_list":"[]","_tribe_ticket_has_attendee_info_fields":false,"footnotes":"","_tec_slr_enabled":"","_tec_slr_layout":""},"jetpack_likes_enabled":true,"jetpack_sharing_enabled":true,"ticketed":false,"_links":{"self":[{"href":"https:\/\/sv-afholderbach.de\/WPSVA21\/wp-json\/wp\/v2\/pages\/18"}],"collection":[{"href":"https:\/\/sv-afholderbach.de\/WPSVA21\/wp-json\/wp\/v2\/pages"}],"about":[{"href":"https:\/\/sv-afholderbach.de\/WPSVA21\/wp-json\/wp\/v2\/types\/page"}],"author":[{"embeddable":true,"href":"https:\/\/sv-afholderbach.de\/WPSVA21\/wp-json\/wp\/v2\/users\/1"}],"replies":[{"embeddable":true,"href":"https:\/\/sv-afholderbach.de\/WPSVA21\/wp-json\/wp\/v2\/comments?post=18"}],"version-history":[{"count":9,"href":"https:\/\/sv-afholderbach.de\/WPSVA21\/wp-json\/wp\/v2\/pages\/18\/revisions"}],"predecessor-version":[{"id":2747,"href":"https:\/\/sv-afholderbach.de\/WPSVA21\/wp-json\/wp\/v2\/pages\/18\/revisions\/2747"}],"up":[{"embeddable":true,"href":"https:\/\/sv-afholderbach.de\/WPSVA21\/wp-json\/wp\/v2\/pages\/196"}],"wp:attachment":[{"href":"https:\/\/sv-afholderbach.de\/WPSVA21\/wp-json\/wp\/v2\/media?parent=18"}],"curies":[{"name":"wp","href":"https:\/\/api.w.org\/{rel}","templated":true}]}}