{"id":75,"date":"2010-11-07T16:48:41","date_gmt":"2010-11-07T14:48:41","guid":{"rendered":"http:\/\/www.afholderbach1345.de\/wordpress\/?page_id=75"},"modified":"2010-11-07T16:48:41","modified_gmt":"2010-11-07T14:48:41","slug":"75-jahriges-jubilaum","status":"publish","type":"page","link":"https:\/\/sv-afholderbach.de\/WPSVA21\/eine-seite\/75-jahriges-jubilaum\/","title":{"rendered":"75 j\u00e4hriges Jubil\u00e4um"},"content":{"rendered":"<p><a href=\"http:\/\/www.afholderbach1345.de\/wordpress\/wp-content\/uploads\/2010\/11\/Logo_bigss.jpg\"><img loading=\"lazy\" decoding=\"async\" class=\"alignleft size-thumbnail wp-image-143\" title=\"Logo_bigss\" src=\"http:\/\/www.afholderbach1345.de\/wordpress\/wp-content\/uploads\/2010\/11\/Logo_bigss-150x150.jpg\" alt=\"\" width=\"150\" height=\"150\" srcset=\"https:\/\/sv-afholderbach.de\/WPSVA21\/wp-content\/uploads\/2010\/11\/Logo_bigss-150x150.jpg 150w, https:\/\/sv-afholderbach.de\/WPSVA21\/wp-content\/uploads\/2010\/11\/Logo_bigss-300x300.jpg 300w, https:\/\/sv-afholderbach.de\/WPSVA21\/wp-content\/uploads\/2010\/11\/Logo_bigss.jpg 500w\" sizes=\"(max-width: 150px) 100vw, 150px\" \/><\/a>Im Sommer 2011 wird unser Verein 75 Jahre alt. <strong>1936-2011<\/strong><\/p>\n<p>Zu diesem Anlass werden wir ein riesiges Fest veranstalten.<\/p>\n<p>Los gehts mit dem <strong>Vogelschie\u00dfen am 10.07.2011<\/strong><\/p>\n<p><em>Beginn<\/em>:10h<\/p>\n<p>in diesem Jahr werden wir auch das Stadtkaiserschie\u00dfen veranstalten. Dazu begleitet uns musikalisch der Spielmannszug 1950 Dreis Tiefenbach.<\/p>\n<p>weiter gehts am <strong>15.07.2011 <\/strong>mit<strong> Festkommers<\/strong> und\u00a0<strong>Zapfenstreich<\/strong> in der Alterbach<\/p>\n<p><em>Beginn:<\/em> 19.30h<\/p>\n<p>begleitet wird das ganze organisatorisch und musikalisch von der FFw Eschenbach, der Musikkapelle Walpersdorf und dem Spielmannszug St. Joseph Dreis Tiefenbach.<\/p>\n<p><strong>16.07.2011 Kr\u00f6nung der Majest\u00e4ten mit Tanz und Band<\/strong><\/p>\n<p><span style=\"color: #000000;\"><em>Beginn:<\/em> 19.30h, anschlie\u00dfend Ehrungen der Jubilare und Tanz<\/span><\/p>\n<p>es spielt wie im Vorjahr die Kultband BBs Finest.<\/p>\n<p><strong>Festumzug und Gottesdienst 17.07.2011<\/strong><\/p>\n<p><em>Beginn Gottesdienst:<\/em> 10h in der Alterbach, anschl. Fr\u00fchschoppen ab 11h<\/p>\n<p><em>Beginn Festumzug:<\/em> 14h am Wohnsitz der neuen Majest\u00e4ten, musikalisch begleitet vom Spielmannszug St. Joseph Dreis Tiefenbach und der Musikkapelle Walpersdorf. Anschlie\u00dfend Begr\u00fc\u00dfung, Ehrungen und wie bereits\u00a0im Vorjahr wieder\u00a0unsere gro\u00dfe Tombola mit tollen Preisen.<\/p>\n","protected":false},"excerpt":{"rendered":"<p>Im Sommer 2011 wird unser Verein 75 Jahre alt. 1936-2011 Zu diesem Anlass werden wir ein riesiges Fest veranstalten. Los gehts mit dem Vogelschie\u00dfen am 10.07.2011 Beginn:10h in diesem Jahr &hellip; <\/p>\n<p class=\"link-more\"><a href=\"https:\/\/sv-afholderbach.de\/WPSVA21\/eine-seite\/75-jahriges-jubilaum\/\" class=\"more-link\"><span class=\"screen-reader-text\">\u201e75 j\u00e4hriges Jubil\u00e4um\u201c<\/span> weiterlesen<\/a><\/p>\n","protected":false},"author":1,"featured_media":0,"parent":196,"menu_order":2,"comment_status":"closed","ping_status":"closed","template":"template-onecolumn.php","meta":{"_price":"","_stock":"","_tribe_ticket_header":"","_tribe_default_ticket_provider":"","_tribe_ticket_capacity":"0","_ticket_start_date":"","_ticket_end_date":"","_tribe_ticket_show_description":"","_tribe_ticket_show_not_going":false,"_tribe_ticket_use_global_stock":"","_tribe_ticket_global_stock_level":"","_global_stock_mode":"","_global_stock_cap":"","_tribe_rsvp_for_event":"","_tribe_ticket_going_count":"","_tribe_ticket_not_going_count":"","_tribe_tickets_list":"[]","_tribe_ticket_has_attendee_info_fields":false,"footnotes":"","_tec_slr_enabled":"","_tec_slr_layout":""},"jetpack_likes_enabled":true,"jetpack_sharing_enabled":true,"ticketed":false,"_links":{"self":[{"href":"https:\/\/sv-afholderbach.de\/WPSVA21\/wp-json\/wp\/v2\/pages\/75"}],"collection":[{"href":"https:\/\/sv-afholderbach.de\/WPSVA21\/wp-json\/wp\/v2\/pages"}],"about":[{"href":"https:\/\/sv-afholderbach.de\/WPSVA21\/wp-json\/wp\/v2\/types\/page"}],"author":[{"embeddable":true,"href":"https:\/\/sv-afholderbach.de\/WPSVA21\/wp-json\/wp\/v2\/users\/1"}],"replies":[{"embeddable":true,"href":"https:\/\/sv-afholderbach.de\/WPSVA21\/wp-json\/wp\/v2\/comments?post=75"}],"version-history":[{"count":0,"href":"https:\/\/sv-afholderbach.de\/WPSVA21\/wp-json\/wp\/v2\/pages\/75\/revisions"}],"up":[{"embeddable":true,"href":"https:\/\/sv-afholderbach.de\/WPSVA21\/wp-json\/wp\/v2\/pages\/196"}],"wp:attachment":[{"href":"https:\/\/sv-afholderbach.de\/WPSVA21\/wp-json\/wp\/v2\/media?parent=75"}],"curies":[{"name":"wp","href":"https:\/\/api.w.org\/{rel}","templated":true}]}}